{"id":1785,"date":"2021-09-22T19:31:04","date_gmt":"2021-09-23T00:31:04","guid":{"rendered":"http:\/\/localhost\/incompletes\/web\/about\/implication-associative\/"},"modified":"2021-11-03T14:41:50","modified_gmt":"2021-11-03T19:41:50","slug":"implication-associative","status":"publish","type":"page","link":"https:\/\/lesincompletes.com\/en\/about\/implication-associative\/","title":{"rendered":"ENGLISH &#8211; Implications, partenaires et prix"},"content":{"rendered":"<h3><em>\u00catre incompl\u00e8tes, c\u2019est devoir \u00eatre en action. C\u2019est \u00eatre en construction. <\/em><em>\u00catre incompl\u00e8tes, sans cesse, mais ne jamais vouloir le rester. <\/em><em>Refuser sa condition, vouloir se remplir, apprendre, agir, s\u2019affirmer, avoir l\u2019humilit\u00e9 d\u2019assumer.<\/em><\/h3>\n","protected":false},"excerpt":{"rendered":"<p>\u00catre incompl\u00e8tes, c\u2019est devoir \u00eatre en action. C\u2019est \u00eatre en construction. \u00catre incompl\u00e8tes, sans cesse, mais ne jamais vouloir le [&hellip;]<\/p>\n","protected":false},"author":1,"featured_media":0,"parent":1759,"menu_order":4,"comment_status":"closed","ping_status":"closed","template":"","meta":{"_acf_changed":false,"footnotes":""},"class_list":["post-1785","page","type-page","status-publish","hentry"],"acf":[],"_links":{"self":[{"href":"https:\/\/lesincompletes.com\/en\/wp-json\/wp\/v2\/pages\/1785","targetHints":{"allow":["GET"]}}],"collection":[{"href":"https:\/\/lesincompletes.com\/en\/wp-json\/wp\/v2\/pages"}],"about":[{"href":"https:\/\/lesincompletes.com\/en\/wp-json\/wp\/v2\/types\/page"}],"author":[{"embeddable":true,"href":"https:\/\/lesincompletes.com\/en\/wp-json\/wp\/v2\/users\/1"}],"replies":[{"embeddable":true,"href":"https:\/\/lesincompletes.com\/en\/wp-json\/wp\/v2\/comments?post=1785"}],"version-history":[{"count":1,"href":"https:\/\/lesincompletes.com\/en\/wp-json\/wp\/v2\/pages\/1785\/revisions"}],"predecessor-version":[{"id":1786,"href":"https:\/\/lesincompletes.com\/en\/wp-json\/wp\/v2\/pages\/1785\/revisions\/1786"}],"up":[{"embeddable":true,"href":"https:\/\/lesincompletes.com\/en\/wp-json\/wp\/v2\/pages\/1759"}],"wp:attachment":[{"href":"https:\/\/lesincompletes.com\/en\/wp-json\/wp\/v2\/media?parent=1785"}],"curies":[{"name":"wp","href":"https:\/\/api.w.org\/{rel}","templated":true}]}}