{"id":2102,"date":"2022-03-11T11:19:33","date_gmt":"2022-03-11T16:19:33","guid":{"rendered":"https:\/\/lesincompletes.com\/?page_id=2102"},"modified":"2023-04-12T08:22:14","modified_gmt":"2023-04-12T13:22:14","slug":"cycle-des-territoires","status":"publish","type":"page","link":"https:\/\/lesincompletes.com\/en\/cycles\/cycle-des-territoires\/","title":{"rendered":"Cycle of the territories"},"content":{"rendered":"<p><span style=\"font-weight: 400;\">Troisi\u00e8me cycle de cr\u00e9ation des Incompl\u00e8tes, le Cycle des Territoires s\u2019attarde \u00e0 la relation des individus et des collectivit\u00e9s au territoire, aux ponts tendus entre le pass\u00e9 et le pr\u00e9sent, \u00e0 la notion d\u2019habiter et aux mani\u00e8res de (re)d\u00e9couvrir nos environnements quotidiens et ce qu\u2019ils rec\u00e8lent de singulier et de merveilleux dans l\u2019ordinaire. <\/span><\/p>\n<p><span style=\"font-weight: 400;\">D\u00e9marr\u00e9 en 2021, le Cycle des Territoires explore les espaces tant g\u00e9ographiques qu\u2019imaginaires, dans une volont\u00e9 d\u2019affirmer la pr\u00e9sence au monde de ceux et celles qui les habitent et les transforment. <\/span><\/p>\n","protected":false},"excerpt":{"rendered":"<p>Troisi\u00e8me cycle de cr\u00e9ation des Incompl\u00e8tes, le Cycle des Territoires s\u2019attarde \u00e0 la relation des individus et des collectivit\u00e9s au [&hellip;]<\/p>\n","protected":false},"author":4,"featured_media":2105,"parent":1818,"menu_order":0,"comment_status":"closed","ping_status":"closed","template":"","meta":{"_acf_changed":false,"footnotes":""},"class_list":["post-2102","page","type-page","status-publish","has-post-thumbnail","hentry"],"acf":[],"_links":{"self":[{"href":"https:\/\/lesincompletes.com\/en\/wp-json\/wp\/v2\/pages\/2102","targetHints":{"allow":["GET"]}}],"collection":[{"href":"https:\/\/lesincompletes.com\/en\/wp-json\/wp\/v2\/pages"}],"about":[{"href":"https:\/\/lesincompletes.com\/en\/wp-json\/wp\/v2\/types\/page"}],"author":[{"embeddable":true,"href":"https:\/\/lesincompletes.com\/en\/wp-json\/wp\/v2\/users\/4"}],"replies":[{"embeddable":true,"href":"https:\/\/lesincompletes.com\/en\/wp-json\/wp\/v2\/comments?post=2102"}],"version-history":[{"count":3,"href":"https:\/\/lesincompletes.com\/en\/wp-json\/wp\/v2\/pages\/2102\/revisions"}],"predecessor-version":[{"id":2750,"href":"https:\/\/lesincompletes.com\/en\/wp-json\/wp\/v2\/pages\/2102\/revisions\/2750"}],"up":[{"embeddable":true,"href":"https:\/\/lesincompletes.com\/en\/wp-json\/wp\/v2\/pages\/1818"}],"wp:featuredmedia":[{"embeddable":true,"href":"https:\/\/lesincompletes.com\/en\/wp-json\/wp\/v2\/media\/2105"}],"wp:attachment":[{"href":"https:\/\/lesincompletes.com\/en\/wp-json\/wp\/v2\/media?parent=2102"}],"curies":[{"name":"wp","href":"https:\/\/api.w.org\/{rel}","templated":true}]}}